{"id":20,"date":"2021-05-27T16:54:53","date_gmt":"2021-05-27T14:54:53","guid":{"rendered":"http:\/\/dev.lyxeo.com\/catalogue\/?post_type=product&#038;p=20"},"modified":"2021-06-11T20:47:00","modified_gmt":"2021-06-11T18:47:00","slug":"techwood-aspirateur-balai-2-en-1-noir-bleu","status":"publish","type":"product","link":"http:\/\/dev.lyxeo.com\/catalogue\/produit\/techwood-aspirateur-balai-2-en-1-noir-bleu\/","title":{"rendered":"Mixeur Plongeant 3 En 1 &#8211; TMS-9666 &#8211; 600 W &#8211; Noir"},"content":{"rendered":"<p>Invent\u00e9 par le Suisse Roger Perrinjaquet en 1950, le mixeur plongeant est devenu un appareil incontournable et populaire dans les cuisines. Ce petit appareil efficace facilite grandement le hachage, le broyage des aliments et ne vous quittera plus de sit\u00f4t !<\/p>\n<p>&#8211; La polyvalence : le mixeur plongeant a la possibilit\u00e9 de pr\u00e9parer de nombreux plats : Pur\u00e9e, Smoothies, cr\u00e8mes, sauces \u2026 Il y en a pour tous les go\u00fbts !<\/p>\n<p>&#8211; La petite taille : le mixeur plongeant est tr\u00e8s facile \u00e0 ranger et peut se placer dans n\u2019importe quel endroit de la cuisine. Il prend tr\u00e8s peu de place contrairement \u00e0 d\u2019autres appareils.<\/p>\n<p>&#8211; La r\u00e9sistance \u00e0 la chaleur : le mixeur plongeant permet contrairement aux robots, de r\u00e9sister aux pr\u00e9parations tr\u00e8s chaudes.<\/p>\n<p>&#8211; La prise en main facile : il est tr\u00e8s facile d\u2019utilisation et est \u00e0 la fois l\u00e9ger et r\u00e9sistant.<\/p>\n<p>Puissance de 600 Watts<br \/>\nMixeur 3 en 1<br \/>\nBol hachoir 500 Ml<br \/>\nPlongeur \/ Fouet \/ Hachoir<br \/>\nPieds INOX<br \/>\n2 Vitesses<br \/>\nCapacit\u00e9 du Bol Hachoir de 500 ml<br \/>\nLame en acier inoxydable<br \/>\nFouet adaptable<\/p>\n<p><strong>Fiche technique<\/strong><br \/>\n<strong>PRINCIPALES CARACT\u00c9RISTIQUES<\/strong><br \/>\nMixeur 3 en 1<br \/>\nBol hachoir 500 Ml<br \/>\nPuissance de 600 Watts<br \/>\nPlongeur \/ Fouet \/ Hachoir<br \/>\nPieds INOX<br \/>\n2 Vitesses<br \/>\nCapacit\u00e9 du Bol Hachoir de 500 ml<br \/>\nLame en acier inoxydable<br \/>\nFouet adaptable<\/p>\n<p><strong>DESCRIPTIF TECHNIQUE<\/strong><br \/>\nSKU: TE898OT00K4JCNAFAMZ<br \/>\nCouleur: Noir<br \/>\nPoids (kg): 1.1<\/p>\n","protected":false},"excerpt":{"rendered":"<p>Invent\u00e9 par le Suisse Roger Perrinjaquet en 1950, le mixeur plongeant est devenu un appareil incontournable et populaire dans les cuisines. Ce petit appareil efficace facilite grandement le hachage, le broyage des aliments et ne vous quittera plus de sit\u00f4t ! &#8211; La polyvalence : le mixeur plongeant a la possibilit\u00e9 de pr\u00e9parer de nombreux [&hellip;]<\/p>\n","protected":false},"featured_media":251,"comment_status":"open","ping_status":"closed","template":"","meta":[],"pwb-brand":[49],"product_cat":[53,16],"product_tag":[],"class_list":["post-20","product","type-product","status-publish","has-post-thumbnail","hentry","pwb-brand-techwood","product_cat-appareils-de-cuisine","product_cat-electromenager-tv-audio"],"brands":[{"id":49,"name":"Techwood","slug":"techwood"}],"_links":{"self":[{"href":"http:\/\/dev.lyxeo.com\/catalogue\/wp-json\/wp\/v2\/product\/20","targetHints":{"allow":["GET"]}}],"collection":[{"href":"http:\/\/dev.lyxeo.com\/catalogue\/wp-json\/wp\/v2\/product"}],"about":[{"href":"http:\/\/dev.lyxeo.com\/catalogue\/wp-json\/wp\/v2\/types\/product"}],"replies":[{"embeddable":true,"href":"http:\/\/dev.lyxeo.com\/catalogue\/wp-json\/wp\/v2\/comments?post=20"}],"version-history":[{"count":1,"href":"http:\/\/dev.lyxeo.com\/catalogue\/wp-json\/wp\/v2\/product\/20\/revisions"}],"predecessor-version":[{"id":249,"href":"http:\/\/dev.lyxeo.com\/catalogue\/wp-json\/wp\/v2\/product\/20\/revisions\/249"}],"wp:featuredmedia":[{"embeddable":true,"href":"http:\/\/dev.lyxeo.com\/catalogue\/wp-json\/wp\/v2\/media\/251"}],"wp:attachment":[{"href":"http:\/\/dev.lyxeo.com\/catalogue\/wp-json\/wp\/v2\/media?parent=20"}],"wp:term":[{"taxonomy":"pwb-brand","embeddable":true,"href":"http:\/\/dev.lyxeo.com\/catalogue\/wp-json\/wp\/v2\/pwb-brand?post=20"},{"taxonomy":"product_cat","embeddable":true,"href":"http:\/\/dev.lyxeo.com\/catalogue\/wp-json\/wp\/v2\/product_cat?post=20"},{"taxonomy":"product_tag","embeddable":true,"href":"http:\/\/dev.lyxeo.com\/catalogue\/wp-json\/wp\/v2\/product_tag?post=20"}],"curies":[{"name":"wp","href":"https:\/\/api.w.org\/{rel}","templated":true}]}}