{"id":208,"date":"2021-06-07T11:24:28","date_gmt":"2021-06-07T09:24:28","guid":{"rendered":"http:\/\/dev.lyxeo.com\/catalogue\/?post_type=product&#038;p=208"},"modified":"2024-07-08T14:47:35","modified_gmt":"2024-07-08T12:47:35","slug":"techwood-aspirateur-balai-2-en-1-noir-bleu-2","status":"publish","type":"product","link":"http:\/\/dev.lyxeo.com\/catalogue\/produit\/techwood-aspirateur-balai-2-en-1-noir-bleu-2\/","title":{"rendered":"Techwood Aspirateur Balai &#8211; 2 En 1 &#8211; Noir\/ Bleu"},"content":{"rendered":"<p>L&#8217;aspirateur T AS-658   parfait pour rendre votre maison sans poussi\u00e8re. Cet aspirateur  dispose d&#8217;un design silencieux. L&#8217;aspirateur vous aide \u00e0 garder votre maison propre et sans poussi\u00e8re. Il consomme une puissance de 600W. La capacit\u00e9 du r\u00e9servoir est de 0,5 L, ce qui convient \u00e0 la maison et au bureau. Flexible et mince, sa poign\u00e9e offre un confort.Achetez cet aspirateur  sur notre site Jumia Alg\u00e9rie et recevez le chez vous dans les plus brefs d\u00e9lais ! <\/p>\n<p>Sp\u00e9cifications :<\/p>\n<p>Type de produit : Aspirateur Balais<br \/>\nMarque : TECHWOOD<br \/>\nMod\u00e8le : TAS 658<br \/>\nPuissance : 600W<br \/>\nCouleur : NOIR bleu<br \/>\nPosition de stationnement: verticale<br \/>\nCapacit\u00e9 du r\u00e9servoir \u00e0 poussi\u00e8re: 0.5L<br \/>\nType de tube: Aluminium<br \/>\nSyst\u00e8me de filtre: Dust Bagless <div id='gallery-1' class='gallery galleryid-208 gallery-columns-3 gallery-size-thumbnail'><figure class='gallery-item'>\n\t\t\t<div class='gallery-icon landscape'>\n\t\t\t\t<a href='http:\/\/dev.lyxeo.com\/catalogue\/?attachment_id=209'><img loading=\"lazy\" decoding=\"async\" width=\"150\" height=\"150\" src=\"http:\/\/dev.lyxeo.com\/catalogue\/wp-content\/uploads\/2021\/06\/1-150x150.jpg\" class=\"attachment-thumbnail size-thumbnail\" alt=\"\" srcset=\"http:\/\/dev.lyxeo.com\/catalogue\/wp-content\/uploads\/2021\/06\/1-150x150.jpg 150w, http:\/\/dev.lyxeo.com\/catalogue\/wp-content\/uploads\/2021\/06\/1-300x300.jpg 300w, http:\/\/dev.lyxeo.com\/catalogue\/wp-content\/uploads\/2021\/06\/1-324x324.jpg 324w, http:\/\/dev.lyxeo.com\/catalogue\/wp-content\/uploads\/2021\/06\/1-416x416.jpg 416w, http:\/\/dev.lyxeo.com\/catalogue\/wp-content\/uploads\/2021\/06\/1-100x100.jpg 100w, http:\/\/dev.lyxeo.com\/catalogue\/wp-content\/uploads\/2021\/06\/1.jpg 680w\" sizes=\"auto, (max-width: 150px) 100vw, 150px\" \/><\/a>\n\t\t\t<\/div><\/figure><figure class='gallery-item'>\n\t\t\t<div class='gallery-icon landscape'>\n\t\t\t\t<a href='http:\/\/dev.lyxeo.com\/catalogue\/?attachment_id=210'><img loading=\"lazy\" decoding=\"async\" width=\"150\" height=\"150\" src=\"http:\/\/dev.lyxeo.com\/catalogue\/wp-content\/uploads\/2021\/06\/4-150x150.jpg\" class=\"attachment-thumbnail size-thumbnail\" alt=\"\" srcset=\"http:\/\/dev.lyxeo.com\/catalogue\/wp-content\/uploads\/2021\/06\/4-150x150.jpg 150w, http:\/\/dev.lyxeo.com\/catalogue\/wp-content\/uploads\/2021\/06\/4-300x300.jpg 300w, http:\/\/dev.lyxeo.com\/catalogue\/wp-content\/uploads\/2021\/06\/4-324x324.jpg 324w, http:\/\/dev.lyxeo.com\/catalogue\/wp-content\/uploads\/2021\/06\/4-416x416.jpg 416w, http:\/\/dev.lyxeo.com\/catalogue\/wp-content\/uploads\/2021\/06\/4-100x100.jpg 100w, http:\/\/dev.lyxeo.com\/catalogue\/wp-content\/uploads\/2021\/06\/4.jpg 680w\" sizes=\"auto, (max-width: 150px) 100vw, 150px\" \/><\/a>\n\t\t\t<\/div><\/figure>\n\t\t<\/div>\n<\/p>\n","protected":false},"excerpt":{"rendered":"<p>L&#8217;aspirateur T AS-658 parfait pour rendre votre maison sans poussi\u00e8re. Cet aspirateur dispose d&#8217;un design silencieux. L&#8217;aspirateur vous aide \u00e0 garder votre maison propre et sans poussi\u00e8re. Il consomme une puissance de 600W. La capacit\u00e9 du r\u00e9servoir est de 0,5 L, ce qui convient \u00e0 la maison et au bureau. Flexible et mince, sa poign\u00e9e [&hellip;]<\/p>\n","protected":false},"featured_media":209,"comment_status":"open","ping_status":"closed","template":"","meta":[],"pwb-brand":[49],"product_cat":[16,24],"product_tag":[],"class_list":["post-208","product","type-product","status-publish","has-post-thumbnail","hentry","pwb-brand-techwood","product_cat-electromenager-tv-audio","product_cat-nettoyage"],"brands":[{"id":49,"name":"Techwood","slug":"techwood"}],"_links":{"self":[{"href":"http:\/\/dev.lyxeo.com\/catalogue\/wp-json\/wp\/v2\/product\/208","targetHints":{"allow":["GET"]}}],"collection":[{"href":"http:\/\/dev.lyxeo.com\/catalogue\/wp-json\/wp\/v2\/product"}],"about":[{"href":"http:\/\/dev.lyxeo.com\/catalogue\/wp-json\/wp\/v2\/types\/product"}],"replies":[{"embeddable":true,"href":"http:\/\/dev.lyxeo.com\/catalogue\/wp-json\/wp\/v2\/comments?post=208"}],"version-history":[{"count":1,"href":"http:\/\/dev.lyxeo.com\/catalogue\/wp-json\/wp\/v2\/product\/208\/revisions"}],"predecessor-version":[{"id":211,"href":"http:\/\/dev.lyxeo.com\/catalogue\/wp-json\/wp\/v2\/product\/208\/revisions\/211"}],"wp:featuredmedia":[{"embeddable":true,"href":"http:\/\/dev.lyxeo.com\/catalogue\/wp-json\/wp\/v2\/media\/209"}],"wp:attachment":[{"href":"http:\/\/dev.lyxeo.com\/catalogue\/wp-json\/wp\/v2\/media?parent=208"}],"wp:term":[{"taxonomy":"pwb-brand","embeddable":true,"href":"http:\/\/dev.lyxeo.com\/catalogue\/wp-json\/wp\/v2\/pwb-brand?post=208"},{"taxonomy":"product_cat","embeddable":true,"href":"http:\/\/dev.lyxeo.com\/catalogue\/wp-json\/wp\/v2\/product_cat?post=208"},{"taxonomy":"product_tag","embeddable":true,"href":"http:\/\/dev.lyxeo.com\/catalogue\/wp-json\/wp\/v2\/product_tag?post=208"}],"curies":[{"name":"wp","href":"https:\/\/api.w.org\/{rel}","templated":true}]}}