{"id":389,"date":"2021-06-11T20:23:17","date_gmt":"2021-06-11T18:23:17","guid":{"rendered":"http:\/\/dev.lyxeo.com\/catalogue\/?post_type=product&#038;p=389"},"modified":"2024-07-01T19:49:45","modified_gmt":"2024-07-01T17:49:45","slug":"tv-qled-samsung-qe55q95tc-2020","status":"publish","type":"product","link":"http:\/\/dev.lyxeo.com\/catalogue\/produit\/tv-qled-samsung-qe55q95tc-2020\/","title":{"rendered":"TV QLED Samsung QE55Q95TC 2020"},"content":{"rendered":"<p><strong>Points\u00a0<\/strong><b>Cl\u00e9s<\/b><\/p>\n<div class=\"best-points bottom\">\n<ul class=\"bestpoints-list\">\n<li class=\"bestpoints-item\" style=\"text-align: left;\">139 cm (55&#8243;) &#8211; 4K UHD<\/li>\n<li class=\"bestpoints-item\" style=\"text-align: left;\">LxHxP (sans pied) 122.8 x 70.6 x 3.5 cm<\/li>\n<li class=\"bestpoints-item\" style=\"text-align: left;\">Son 60 Watts<\/li>\n<li class=\"bestpoints-item\" style=\"text-align: left;\">HDMI 2.0 x4 &#8211; USB x2<\/li>\n<\/ul>\n<p><strong>Technologie :<\/strong>\u00a0QLED<br \/>\n<strong>Taille de l&#8217;\u00e9cran :<\/strong>\u00a055,0 pouces<br \/>\n<strong>Taille de l&#8217;\u00e9cran (cm) :<\/strong>\u00a0139<br \/>\n<strong>Fr\u00e9quence de balayage native :<\/strong>\u00a0100 Hz<br \/>\n<strong>R\u00e9solution native\u00a0<\/strong><strong>(+ d&#8217;infos)<\/strong><strong>\u00a0:<\/strong>\u00a03840 x 2160 pixels<br \/>\n<strong>D\u00e9finition :<\/strong>\u00a04K Ultra HD<br \/>\n<strong>Upscaling Ultra HD :<\/strong>\u00a0Oui : Le t\u00e9l\u00e9viseur transforme les images de toutes vos sources pour que vous puissiez profiter de la plus belle qualit\u00e9 d&#8217;image possible<br \/>\n<strong>Compatible HDR :<\/strong>\u00a0Oui : Le HDR est une technologie qui permet d&#8217;augmenter le niveau de d\u00e9tail de l&#8217;image et son contraste<br \/>\n<strong>Ecran incurv\u00e9\u00a0<\/strong><strong>(+ d&#8217;infos)<\/strong><strong>\u00a0:<\/strong>\u00a0Non<br \/>\n<strong>TV the Frame :<\/strong>\u00a0Non<br \/>\n<strong>TV miroir :<\/strong>\u00a0Non<br \/>\n<strong>TV d&#8217;ext\u00e9rieur :<\/strong>\u00a0Non<br \/>\n<strong>Disney+ int\u00e9gr\u00e9 :<\/strong> Oui<br \/>\n<strong>Game Master :<\/strong>\u00a0Non<br \/>\n<strong>HDR10 :<\/strong>\u00a0Oui<br \/>\n<strong>HDR10+ :<\/strong>\u00a0Oui<\/p>\n<\/div>\n<div class=\"features-table\"><\/div>\n","protected":false},"excerpt":{"rendered":"<p>Points\u00a0Cl\u00e9s 139 cm (55&#8243;) &#8211; 4K UHD LxHxP (sans pied) 122.8 x 70.6 x 3.5 cm Son 60 Watts HDMI 2.0 x4 &#8211; USB x2 Technologie :\u00a0QLED Taille de l&#8217;\u00e9cran :\u00a055,0 pouces Taille de l&#8217;\u00e9cran (cm) :\u00a0139 Fr\u00e9quence de balayage native :\u00a0100 Hz R\u00e9solution native\u00a0(+ d&#8217;infos)\u00a0:\u00a03840 x 2160 pixels D\u00e9finition :\u00a04K Ultra HD Upscaling Ultra [&hellip;]<\/p>\n","protected":false},"featured_media":391,"comment_status":"open","ping_status":"closed","template":"","meta":[],"pwb-brand":[57],"product_cat":[18],"product_tag":[],"class_list":["post-389","product","type-product","status-publish","has-post-thumbnail","hentry","pwb-brand-lg","product_cat-tv-video-home-cinema"],"brands":[{"id":57,"name":"LG","slug":"lg"}],"_links":{"self":[{"href":"http:\/\/dev.lyxeo.com\/catalogue\/wp-json\/wp\/v2\/product\/389","targetHints":{"allow":["GET"]}}],"collection":[{"href":"http:\/\/dev.lyxeo.com\/catalogue\/wp-json\/wp\/v2\/product"}],"about":[{"href":"http:\/\/dev.lyxeo.com\/catalogue\/wp-json\/wp\/v2\/types\/product"}],"replies":[{"embeddable":true,"href":"http:\/\/dev.lyxeo.com\/catalogue\/wp-json\/wp\/v2\/comments?post=389"}],"version-history":[{"count":1,"href":"http:\/\/dev.lyxeo.com\/catalogue\/wp-json\/wp\/v2\/product\/389\/revisions"}],"predecessor-version":[{"id":545,"href":"http:\/\/dev.lyxeo.com\/catalogue\/wp-json\/wp\/v2\/product\/389\/revisions\/545"}],"wp:featuredmedia":[{"embeddable":true,"href":"http:\/\/dev.lyxeo.com\/catalogue\/wp-json\/wp\/v2\/media\/391"}],"wp:attachment":[{"href":"http:\/\/dev.lyxeo.com\/catalogue\/wp-json\/wp\/v2\/media?parent=389"}],"wp:term":[{"taxonomy":"pwb-brand","embeddable":true,"href":"http:\/\/dev.lyxeo.com\/catalogue\/wp-json\/wp\/v2\/pwb-brand?post=389"},{"taxonomy":"product_cat","embeddable":true,"href":"http:\/\/dev.lyxeo.com\/catalogue\/wp-json\/wp\/v2\/product_cat?post=389"},{"taxonomy":"product_tag","embeddable":true,"href":"http:\/\/dev.lyxeo.com\/catalogue\/wp-json\/wp\/v2\/product_tag?post=389"}],"curies":[{"name":"wp","href":"https:\/\/api.w.org\/{rel}","templated":true}]}}