{"id":657,"date":"2021-06-15T15:47:54","date_gmt":"2021-06-15T13:47:54","guid":{"rendered":"http:\/\/dev.lyxeo.com\/catalogue\/?post_type=product&#038;p=657"},"modified":"2023-03-01T12:12:12","modified_gmt":"2023-03-01T11:12:12","slug":"barbecue-pliable-et-portable-cuiseur-de-camping-en-plein-air-noir","status":"publish","type":"product","link":"http:\/\/dev.lyxeo.com\/catalogue\/produit\/barbecue-pliable-et-portable-cuiseur-de-camping-en-plein-air-noir\/","title":{"rendered":"Barbecue Pliable Et Portable, Cuiseur De Camping En Plein Air &#8211; Noir"},"content":{"rendered":"<div class=\"card aim -mtm\">\n<div class=\"markup -mhm -pvl -oxa -sc\">N\u2019en d\u00e9plaise aux po\u00e8tes, chez l\u2019\u00e9picurien, le retour des beaux jours rime avec grillade. Tout le monde n\u2019a pas la chance de poss\u00e9der une chemin\u00e9e pour, en plein hiver, savourer un fabuleux gigot \u00e0 la ficelle. Heureusement, d\u00e8s le printemps, ces plaisirs simples se d\u00e9mocratisent. Dans nos jardins ou en pleine nature&#8230; grillons \u00e0 leurs sons (des grillons).<br \/>\n<b>Sp\u00e9cification :<\/b><\/p>\n<ul>\n<li>Type de produit: Barbecue<\/li>\n<li>Couleur: noire<\/li>\n<li>Pliable et portatif<\/li>\n<li>A charbon<\/li>\n<li>Petit format.<\/li>\n<li>Facilement Transportable<\/li>\n<li>Dimensions:\u00a030 x 45 x 45 cm<\/li>\n<\/ul>\n<\/div>\n<\/div>\n<section class=\"card aim -mtm -fs16\">\n<div id=\"specifications\" class=\"hook\"><\/div>\n<header class=\"-pvs -bb\">\n<h2 class=\"-fs20 -m -phm -pvxs\">Fiche technique<\/h2>\n<\/header>\n<div class=\"row -pas\">\n<article class=\"col8 -pvs\">\n<div class=\"card-b -fh\">\n<h2 class=\"hdr -upp -fs14 -m -pam\">PRINCIPALES CARACT\u00c9RISTIQUES<\/h2>\n<div class=\"markup -pam\">\n<ul>\n<li>Type de produit: Barbecue<\/li>\n<li>Couleur: noire<\/li>\n<li>Pliable et portatif<\/li>\n<li>A charbon<\/li>\n<li>Petit format.<\/li>\n<li>Facilement Transportable<\/li>\n<li>Dimensions:\u00a030 x 45 x 45 cm<\/li>\n<\/ul>\n<\/div>\n<\/div>\n<\/article>\n<\/div>\n<\/section>\n","protected":false},"excerpt":{"rendered":"<p>N\u2019en d\u00e9plaise aux po\u00e8tes, chez l\u2019\u00e9picurien, le retour des beaux jours rime avec grillade. Tout le monde n\u2019a pas la chance de poss\u00e9der une chemin\u00e9e pour, en plein hiver, savourer un fabuleux gigot \u00e0 la ficelle. Heureusement, d\u00e8s le printemps, ces plaisirs simples se d\u00e9mocratisent. Dans nos jardins ou en pleine nature&#8230; grillons \u00e0 leurs [&hellip;]<\/p>\n","protected":false},"featured_media":658,"comment_status":"open","ping_status":"closed","template":"","meta":[],"pwb-brand":[],"product_cat":[68,77],"product_tag":[],"class_list":["post-657","product","type-product","status-publish","has-post-thumbnail","hentry","product_cat-maison-deco","product_cat-meubles-de-jardin"],"brands":[],"_links":{"self":[{"href":"http:\/\/dev.lyxeo.com\/catalogue\/wp-json\/wp\/v2\/product\/657","targetHints":{"allow":["GET"]}}],"collection":[{"href":"http:\/\/dev.lyxeo.com\/catalogue\/wp-json\/wp\/v2\/product"}],"about":[{"href":"http:\/\/dev.lyxeo.com\/catalogue\/wp-json\/wp\/v2\/types\/product"}],"replies":[{"embeddable":true,"href":"http:\/\/dev.lyxeo.com\/catalogue\/wp-json\/wp\/v2\/comments?post=657"}],"version-history":[{"count":1,"href":"http:\/\/dev.lyxeo.com\/catalogue\/wp-json\/wp\/v2\/product\/657\/revisions"}],"predecessor-version":[{"id":661,"href":"http:\/\/dev.lyxeo.com\/catalogue\/wp-json\/wp\/v2\/product\/657\/revisions\/661"}],"wp:featuredmedia":[{"embeddable":true,"href":"http:\/\/dev.lyxeo.com\/catalogue\/wp-json\/wp\/v2\/media\/658"}],"wp:attachment":[{"href":"http:\/\/dev.lyxeo.com\/catalogue\/wp-json\/wp\/v2\/media?parent=657"}],"wp:term":[{"taxonomy":"pwb-brand","embeddable":true,"href":"http:\/\/dev.lyxeo.com\/catalogue\/wp-json\/wp\/v2\/pwb-brand?post=657"},{"taxonomy":"product_cat","embeddable":true,"href":"http:\/\/dev.lyxeo.com\/catalogue\/wp-json\/wp\/v2\/product_cat?post=657"},{"taxonomy":"product_tag","embeddable":true,"href":"http:\/\/dev.lyxeo.com\/catalogue\/wp-json\/wp\/v2\/product_tag?post=657"}],"curies":[{"name":"wp","href":"https:\/\/api.w.org\/{rel}","templated":true}]}}