{"id":619,"date":"2021-06-14T16:12:20","date_gmt":"2021-06-14T14:12:20","guid":{"rendered":"http:\/\/dev.lyxeo.com\/catalogue\/?post_type=product&#038;p=619"},"modified":"2021-06-14T16:12:21","modified_gmt":"2021-06-14T14:12:21","slug":"scrabble-monopoly-scrabble-un-jeux-de-societe","status":"publish","type":"product","link":"https:\/\/dev.lyxeo.com\/catalogue\/produit\/scrabble-monopoly-scrabble-un-jeux-de-societe\/","title":{"rendered":"SCRABBLE &#038; MONOPOLY Scrabble Un Jeux De Soci\u00e9t\u00e9"},"content":{"rendered":"<div class=\"card aim -mtm\">\n<header class=\"-pvs -bb\">\n<h2 class=\"-fs20 -m -phm -pvxs\">D\u00e9tails<\/h2>\n<\/header>\n<div class=\"markup -mhm -pvl -oxa -sc\">Le jeu Scrabble classique a \u00e9t\u00e9 refait pour \u00eatre plus attirant aux consommateurs sophistiqu\u00e9s de nos jours. Chaque \u00e9l\u00e9ment, \u00e0 l&#8217;int\u00e9rieur et \u00e0 l&#8217;ext\u00e9rieur a \u00e9t\u00e9 red\u00e9sign\u00e9 pour am\u00e9liorer l\u2019exp\u00e9rience du jeu o\u00f9 tous les mots comptent. Pour 2 \u00e0 4 joueurs.<\/div>\n<\/div>\n<section class=\"card aim -mtm -fs16\">\n<div id=\"specifications\" class=\"hook\"><\/div>\n<header class=\"-pvs -bb\">\n<h2 class=\"-fs20 -m -phm -pvxs\">Fiche technique<\/h2>\n<\/header>\n<div class=\"row -pas\">\n<article class=\"col8 -pvs\">\n<div class=\"card-b -fh\">\n<h4 class=\"hdr -upp -fs14 -m -pam\">PRINCIPALES CARACT\u00c9RISTIQUES<\/h4>\n<div class=\"markup -pam\">\n<ul>\n<li>Poids de l&#8217;article : 839 g<\/li>\n<li>Dimensions du colis :37,4 x 27 x 4,8 cm<\/li>\n<li>Notre recommandation d&#8217;\u00e2ge : 14 ans et plus<\/li>\n<li>Recommandation d&#8217;\u00e2ge du fabricant : 10 ans et plus<\/li>\n<li>Langue(s ) :fran\u00e7ais<\/li>\n<li>Nombre de joueurs : 4<\/li>\n<li>Produit \u00e0 monter soi-m\u00eame :Non<\/li>\n<li>Batterie(s) \/ Pile(s) requise(s) :Non<\/li>\n<\/ul>\n<\/div>\n<\/div>\n<\/article>\n<\/div>\n<\/section>\n","protected":false},"excerpt":{"rendered":"<p>D\u00e9tails Le jeu Scrabble classique a \u00e9t\u00e9 refait pour \u00eatre plus attirant aux consommateurs sophistiqu\u00e9s de nos jours. Chaque \u00e9l\u00e9ment, \u00e0 l&#8217;int\u00e9rieur et \u00e0 l&#8217;ext\u00e9rieur a \u00e9t\u00e9 red\u00e9sign\u00e9 pour am\u00e9liorer l\u2019exp\u00e9rience du jeu o\u00f9 tous les mots comptent. Pour 2 \u00e0 4 joueurs. Fiche technique PRINCIPALES CARACT\u00c9RISTIQUES Poids de l&#8217;article : 839 g Dimensions du [&hellip;]<\/p>\n","protected":false},"featured_media":620,"comment_status":"open","ping_status":"closed","template":"","meta":[],"pwb-brand":[],"product_cat":[71,69],"product_tag":[],"class_list":["post-619","product","type-product","status-publish","has-post-thumbnail","hentry","product_cat-jeux-de-societe","product_cat-jouets-loisirs"],"brands":[],"_links":{"self":[{"href":"https:\/\/dev.lyxeo.com\/catalogue\/wp-json\/wp\/v2\/product\/619","targetHints":{"allow":["GET"]}}],"collection":[{"href":"https:\/\/dev.lyxeo.com\/catalogue\/wp-json\/wp\/v2\/product"}],"about":[{"href":"https:\/\/dev.lyxeo.com\/catalogue\/wp-json\/wp\/v2\/types\/product"}],"replies":[{"embeddable":true,"href":"https:\/\/dev.lyxeo.com\/catalogue\/wp-json\/wp\/v2\/comments?post=619"}],"version-history":[{"count":1,"href":"https:\/\/dev.lyxeo.com\/catalogue\/wp-json\/wp\/v2\/product\/619\/revisions"}],"predecessor-version":[{"id":621,"href":"https:\/\/dev.lyxeo.com\/catalogue\/wp-json\/wp\/v2\/product\/619\/revisions\/621"}],"wp:featuredmedia":[{"embeddable":true,"href":"https:\/\/dev.lyxeo.com\/catalogue\/wp-json\/wp\/v2\/media\/620"}],"wp:attachment":[{"href":"https:\/\/dev.lyxeo.com\/catalogue\/wp-json\/wp\/v2\/media?parent=619"}],"wp:term":[{"taxonomy":"pwb-brand","embeddable":true,"href":"https:\/\/dev.lyxeo.com\/catalogue\/wp-json\/wp\/v2\/pwb-brand?post=619"},{"taxonomy":"product_cat","embeddable":true,"href":"https:\/\/dev.lyxeo.com\/catalogue\/wp-json\/wp\/v2\/product_cat?post=619"},{"taxonomy":"product_tag","embeddable":true,"href":"https:\/\/dev.lyxeo.com\/catalogue\/wp-json\/wp\/v2\/product_tag?post=619"}],"curies":[{"name":"wp","href":"https:\/\/api.w.org\/{rel}","templated":true}]}}