{"id":9706,"date":"2023-01-08T20:23:34","date_gmt":"2023-01-08T19:23:34","guid":{"rendered":"https:\/\/dev.lyxeo.com\/symphotech\/?page_id=9706"},"modified":"2023-01-09T02:15:25","modified_gmt":"2023-01-09T01:15:25","slug":"demande-devis","status":"publish","type":"page","link":"https:\/\/dev.lyxeo.com\/symphotech\/demande-devis\/","title":{"rendered":"Demande_devis"},"content":{"rendered":"\t\t<div data-elementor-type=\"wp-page\" data-elementor-id=\"9706\" class=\"elementor elementor-9706\">\n\t\t\t\t\t\t\t\t\t<header class=\"elementor-section elementor-top-section elementor-element elementor-element-61c1f7d8 elementor-section-height-min-height elementor-section-stretched elementor-section-items-top elementor-section-content-top elementor-section-boxed elementor-section-height-default\" data-id=\"61c1f7d8\" data-element_type=\"section\" data-settings=\"{&quot;background_background&quot;:&quot;classic&quot;,&quot;stretch_section&quot;:&quot;section-stretched&quot;,&quot;_ha_eqh_enable&quot;:false}\">\n\t\t\t\t\t\t\t<div class=\"elementor-background-overlay\"><\/div>\n\t\t\t\t\t\t\t<div class=\"elementor-container elementor-column-gap-default\">\n\t\t\t\t\t<div class=\"elementor-column elementor-col-100 elementor-top-column elementor-element elementor-element-33a6293d\" data-id=\"33a6293d\" data-element_type=\"column\">\n\t\t\t<div class=\"elementor-widget-wrap elementor-element-populated\">\n\t\t\t\t\t\t\t\t<div class=\"elementor-element elementor-element-7ab320d0 elementor-widget elementor-widget-heading\" data-id=\"7ab320d0\" data-element_type=\"widget\" data-widget_type=\"heading.default\">\n\t\t\t\t<div class=\"elementor-widget-container\">\n\t\t\t<h1 class=\"elementor-heading-title elementor-size-default\">Demande de DEVIS<\/h1>\t\t<\/div>\n\t\t\t\t<\/div>\n\t\t\t\t\t<\/div>\n\t\t<\/div>\n\t\t\t\t\t\t\t<\/div>\n\t\t<\/header>\n\t\t\t\t<section class=\"elementor-section elementor-top-section elementor-element elementor-element-4de69d8 elementor-section-full_width elementor-reverse-tablet elementor-section-height-default elementor-section-height-default\" data-id=\"4de69d8\" data-element_type=\"section\" data-settings=\"{&quot;background_background&quot;:&quot;classic&quot;,&quot;_ha_eqh_enable&quot;:false}\">\n\t\t\t\t\t\t\t<div class=\"elementor-background-overlay\"><\/div>\n\t\t\t\t\t\t\t<div class=\"elementor-container elementor-column-gap-no\">\n\t\t\t\t\t<div class=\"elementor-column elementor-col-100 elementor-top-column elementor-element elementor-element-5d289b5\" data-id=\"5d289b5\" data-element_type=\"column\">\n\t\t\t<div class=\"elementor-widget-wrap elementor-element-populated\">\n\t\t\t\t\t\t\t\t<section class=\"elementor-section elementor-inner-section elementor-element elementor-element-adc0c94 elementor-section-boxed elementor-section-height-default elementor-section-height-default\" data-id=\"adc0c94\" data-element_type=\"section\" data-settings=\"{&quot;_ha_eqh_enable&quot;:false}\">\n\t\t\t\t\t\t<div class=\"elementor-container elementor-column-gap-default\">\n\t\t\t\t\t<div class=\"elementor-column elementor-col-100 elementor-inner-column elementor-element elementor-element-fc9b8d7\" data-id=\"fc9b8d7\" data-element_type=\"column\">\n\t\t\t<div class=\"elementor-widget-wrap elementor-element-populated\">\n\t\t\t\t\t\t\t\t<div class=\"elementor-element elementor-element-c1d9c3c elementor-widget elementor-widget-text-editor\" data-id=\"c1d9c3c\" data-element_type=\"widget\" data-widget_type=\"text-editor.default\">\n\t\t\t\t<div class=\"elementor-widget-container\">\n\t\t\t\t\t\t\t<p>Pour votre devis gratuit en 48h, merci de remplir le formulaire d&#8217;information ci-dessous.<\/p>\t\t\t\t\t\t<\/div>\n\t\t\t\t<\/div>\n\t\t\t\t\t<\/div>\n\t\t<\/div>\n\t\t\t\t\t\t\t<\/div>\n\t\t<\/section>\n\t\t\t\t<section class=\"elementor-section elementor-inner-section elementor-element elementor-element-3a68877 elementor-section-boxed elementor-section-height-default elementor-section-height-default\" data-id=\"3a68877\" data-element_type=\"section\" data-settings=\"{&quot;_ha_eqh_enable&quot;:false}\">\n\t\t\t\t\t\t<div class=\"elementor-container elementor-column-gap-default\">\n\t\t\t\t\t<div class=\"elementor-column elementor-col-100 elementor-inner-column elementor-element elementor-element-65d3afc\" data-id=\"65d3afc\" data-element_type=\"column\" data-settings=\"{&quot;background_background&quot;:&quot;classic&quot;}\">\n\t\t\t<div class=\"elementor-widget-wrap elementor-element-populated\">\n\t\t\t\t\t<div class=\"elementor-background-overlay\"><\/div>\n\t\t\t\t\t\t\t\t<div class=\"elementor-element elementor-element-db75682 elementor-widget-mobile__width-inherit elementor-widget elementor-widget-shortcode\" data-id=\"db75682\" data-element_type=\"widget\" data-widget_type=\"shortcode.default\">\n\t\t\t\t<div class=\"elementor-widget-container\">\n\t\t\t\t\t<div class=\"elementor-shortcode\"><div class=\"wpforms-container wpforms-container-full\" id=\"wpforms-9732\"><form id=\"wpforms-form-9732\" class=\"wpforms-validate wpforms-form wpforms-ajax-form\" data-formid=\"9732\" method=\"post\" enctype=\"multipart\/form-data\" action=\"\/symphotech\/wp-json\/wp\/v2\/pages\/9706\" data-token=\"c8912aa0ac7b1b61141ee0c88587dc5a\"><noscript class=\"wpforms-error-noscript\">Veuillez activer JavaScript dans votre navigateur pour remplir ce formulaire.<\/noscript><div class=\"wpforms-field-container\"><div id=\"wpforms-9732-field_3-container\" class=\"wpforms-field wpforms-field-radio wpforms-list-inline\" data-field-id=\"3\"><label class=\"wpforms-field-label\" for=\"wpforms-9732-field_3\">Informations Contact<\/label><ul id=\"wpforms-9732-field_3\"><li class=\"choice-1 depth-1\"><input type=\"radio\" id=\"wpforms-9732-field_3_1\" name=\"wpforms[fields][3]\" value=\"Mme\"  ><label class=\"wpforms-field-label-inline\" for=\"wpforms-9732-field_3_1\">Mme<\/label><\/li><li class=\"choice-2 depth-1\"><input type=\"radio\" id=\"wpforms-9732-field_3_2\" name=\"wpforms[fields][3]\" value=\"Mr\"  ><label class=\"wpforms-field-label-inline\" for=\"wpforms-9732-field_3_2\">Mr<\/label><\/li><\/ul><\/div><div id=\"wpforms-9732-field_4-container\" class=\"wpforms-field wpforms-field-name\" data-field-id=\"4\"><label class=\"wpforms-field-label wpforms-label-hide\" for=\"wpforms-9732-field_4\">Nom \/ Pr\u00e9nom  <span class=\"wpforms-required-label\">*<\/span><\/label><div class=\"wpforms-field-row wpforms-field-medium\"><div class=\"wpforms-field-row-block wpforms-first wpforms-one-half\"><input type=\"text\" id=\"wpforms-9732-field_4\" class=\"wpforms-field-name-first wpforms-field-required\" name=\"wpforms[fields][4][first]\" placeholder=\"Nom*\" required><label for=\"wpforms-9732-field_4\" class=\"wpforms-field-sublabel after wpforms-sublabel-hide\">Pr\u00e9nom<\/label><\/div><div class=\"wpforms-field-row-block wpforms-one-half\"><input type=\"text\" id=\"wpforms-9732-field_4-last\" class=\"wpforms-field-name-last wpforms-field-required\" name=\"wpforms[fields][4][last]\" placeholder=\"Prenom*\" required><label for=\"wpforms-9732-field_4-last\" class=\"wpforms-field-sublabel after wpforms-sublabel-hide\">Nom<\/label><\/div><\/div><\/div><div id=\"wpforms-9732-field_0-container\" class=\"wpforms-field wpforms-field-name\" data-field-id=\"0\"><label class=\"wpforms-field-label wpforms-label-hide\" for=\"wpforms-9732-field_0\">Entreprise<\/label><input type=\"text\" id=\"wpforms-9732-field_0\" class=\"wpforms-field-medium\" name=\"wpforms[fields][0]\" placeholder=\"Entreprise\" ><\/div><div id=\"wpforms-9732-field_5-container\" class=\"wpforms-field wpforms-field-name\" data-field-id=\"5\"><label class=\"wpforms-field-label wpforms-label-hide\" for=\"wpforms-9732-field_5\">Activit\u00e9 <\/label><input type=\"text\" id=\"wpforms-9732-field_5\" class=\"wpforms-field-medium\" name=\"wpforms[fields][5]\" placeholder=\"Activit\u00e9\" ><\/div><div id=\"wpforms-9732-field_8-container\" class=\"wpforms-field wpforms-field-text\" data-field-id=\"8\"><label class=\"wpforms-field-label wpforms-label-hide\" for=\"wpforms-9732-field_8\">T\u00e9l\u00e9phone<\/label><input type=\"text\" id=\"wpforms-9732-field_8\" class=\"wpforms-field-medium\" name=\"wpforms[fields][8]\" placeholder=\"T\u00e9l\u00e9phone \" ><\/div><div id=\"wpforms-9732-field_6-container\" class=\"wpforms-field wpforms-field-email\" data-field-id=\"6\"><label class=\"wpforms-field-label wpforms-label-hide\" for=\"wpforms-9732-field_6\">Email <span class=\"wpforms-required-label\">*<\/span><\/label><input type=\"email\" id=\"wpforms-9732-field_6\" class=\"wpforms-field-medium wpforms-field-required\" name=\"wpforms[fields][6]\" placeholder=\"Email*\" required><\/div><div id=\"wpforms-9732-field_10-container\" class=\"wpforms-field wpforms-field-radio wpforms-list-2-columns\" data-field-id=\"10\"><label class=\"wpforms-field-label\" for=\"wpforms-9732-field_10\">Projet de  Site Web - Merci de s\u00e9lectionner une des options ci-dessous<\/label><ul id=\"wpforms-9732-field_10\"><li class=\"choice-2 depth-1\"><input type=\"radio\" id=\"wpforms-9732-field_10_2\" name=\"wpforms[fields][10]\" value=\"Refonte site Web\"  ><label class=\"wpforms-field-label-inline\" for=\"wpforms-9732-field_10_2\">Refonte site Web<\/label><\/li><li class=\"choice-4 depth-1\"><input type=\"radio\" id=\"wpforms-9732-field_10_4\" name=\"wpforms[fields][10]\" value=\"Site E-commerce\"  ><label class=\"wpforms-field-label-inline\" for=\"wpforms-9732-field_10_4\">Site E-commerce<\/label><\/li><li class=\"choice-1 depth-1\"><input type=\"radio\" id=\"wpforms-9732-field_10_1\" name=\"wpforms[fields][10]\" value=\"Site Vitrine\"  ><label class=\"wpforms-field-label-inline\" for=\"wpforms-9732-field_10_1\">Site Vitrine<\/label><\/li><li class=\"choice-5 depth-1\"><input type=\"radio\" id=\"wpforms-9732-field_10_5\" name=\"wpforms[fields][10]\" value=\"Plateforme m\u00e9tier \"  ><label class=\"wpforms-field-label-inline\" for=\"wpforms-9732-field_10_5\">Plateforme m\u00e9tier <\/label><\/li><li class=\"choice-3 depth-1\"><input type=\"radio\" id=\"wpforms-9732-field_10_3\" name=\"wpforms[fields][10]\" value=\"Site Catalogue\"  ><label class=\"wpforms-field-label-inline\" for=\"wpforms-9732-field_10_3\">Site Catalogue<\/label><\/li><\/ul><\/div><div id=\"wpforms-9732-field_9-container\" class=\"wpforms-field wpforms-field-checkbox wpforms-list-2-columns\" data-field-id=\"9\"><label class=\"wpforms-field-label\" for=\"wpforms-9732-field_9\">Logiciels pour Entreprises - Merci d&#039;indiquer le ou les logiciels qui vous int\u00e9ressent<\/label><ul id=\"wpforms-9732-field_9\"><li class=\"choice-1 depth-1\"><input type=\"checkbox\" id=\"wpforms-9732-field_9_1\" name=\"wpforms[fields][9][]\" value=\"Gestion Commerciale\"  ><label class=\"wpforms-field-label-inline\" for=\"wpforms-9732-field_9_1\">Gestion Commerciale<\/label><\/li><li class=\"choice-4 depth-1\"><input type=\"checkbox\" id=\"wpforms-9732-field_9_4\" name=\"wpforms[fields][9][]\" value=\"Gestion de Stock\"  ><label class=\"wpforms-field-label-inline\" for=\"wpforms-9732-field_9_4\">Gestion de Stock<\/label><\/li><li class=\"choice-2 depth-1\"><input type=\"checkbox\" id=\"wpforms-9732-field_9_2\" name=\"wpforms[fields][9][]\" value=\"Comptabilit\u00e9 G\u00e9n\u00e9rale \"  ><label class=\"wpforms-field-label-inline\" for=\"wpforms-9732-field_9_2\">Comptabilit\u00e9 G\u00e9n\u00e9rale <\/label><\/li><li class=\"choice-5 depth-1\"><input type=\"checkbox\" id=\"wpforms-9732-field_9_5\" name=\"wpforms[fields][9][]\" value=\"Gestion de Restaurant\"  ><label class=\"wpforms-field-label-inline\" for=\"wpforms-9732-field_9_5\">Gestion de Restaurant<\/label><\/li><li class=\"choice-3 depth-1\"><input type=\"checkbox\" id=\"wpforms-9732-field_9_3\" name=\"wpforms[fields][9][]\" value=\"Caisse et Point de Vente\"  ><label class=\"wpforms-field-label-inline\" for=\"wpforms-9732-field_9_3\">Caisse et Point de Vente<\/label><\/li><\/ul><\/div><div id=\"wpforms-9732-field_12-container\" class=\"wpforms-field wpforms-field-checkbox\" data-field-id=\"12\"><label class=\"wpforms-field-label\" for=\"wpforms-9732-field_12\">Logiciels pour M\u00e9decins\/Dentistes<\/label><ul id=\"wpforms-9732-field_12\"><li class=\"choice-1 depth-1\"><input type=\"checkbox\" id=\"wpforms-9732-field_12_1\" name=\"wpforms[fields][12][]\" value=\"Gestion de Cabinet M\u00e9dical \"  ><label class=\"wpforms-field-label-inline\" for=\"wpforms-9732-field_12_1\">Gestion de Cabinet M\u00e9dical <\/label><\/li><li class=\"choice-2 depth-1\"><input type=\"checkbox\" id=\"wpforms-9732-field_12_2\" name=\"wpforms[fields][12][]\" value=\"Gestion de Cabinet Dentaire\"  ><label class=\"wpforms-field-label-inline\" for=\"wpforms-9732-field_12_2\">Gestion de Cabinet Dentaire<\/label><\/li><li class=\"choice-3 depth-1\"><input type=\"checkbox\" id=\"wpforms-9732-field_12_3\" name=\"wpforms[fields][12][]\" value=\"Logiciel pour Clinique\"  ><label class=\"wpforms-field-label-inline\" for=\"wpforms-9732-field_12_3\">Logiciel pour Clinique<\/label><\/li><\/ul><\/div><div id=\"wpforms-9732-field_15-container\" class=\"wpforms-field wpforms-field-radio\" data-field-id=\"15\"><label class=\"wpforms-field-label\" for=\"wpforms-9732-field_15\">Logiciels - Nombre de licences souhait\u00e9es <\/label><ul id=\"wpforms-9732-field_15\"><li class=\"choice-1 depth-1\"><input type=\"radio\" id=\"wpforms-9732-field_15_1\" name=\"wpforms[fields][15]\" value=\"1 Poste\"  ><label class=\"wpforms-field-label-inline\" for=\"wpforms-9732-field_15_1\">1 Poste<\/label><\/li><li class=\"choice-2 depth-1\"><input type=\"radio\" id=\"wpforms-9732-field_15_2\" name=\"wpforms[fields][15]\" value=\"3 Postes (Inclus 1 Poste Secr\u00e9taire)\"  ><label class=\"wpforms-field-label-inline\" for=\"wpforms-9732-field_15_2\">3 Postes (Inclus 1 Poste Secr\u00e9taire)<\/label><\/li><li class=\"choice-3 depth-1\"><input type=\"radio\" id=\"wpforms-9732-field_15_3\" name=\"wpforms[fields][15]\" value=\"4 Postes et +\"  ><label class=\"wpforms-field-label-inline\" for=\"wpforms-9732-field_15_3\">4 Postes et +<\/label><\/li><\/ul><\/div><div id=\"wpforms-9732-field_2-container\" class=\"wpforms-field wpforms-field-textarea\" data-field-id=\"2\"><label class=\"wpforms-field-label\" for=\"wpforms-9732-field_2\">Informations compl\u00e9mentaires<\/label><textarea id=\"wpforms-9732-field_2\" class=\"wpforms-field-medium\" name=\"wpforms[fields][2]\" placeholder=\"Merci de pr\u00e9ciser ici votre besoin ainsi que toutes informations utiles qui nous permettront de traiter votre demande avec rapidit\u00e9 et pr\u00e9cision.\" ><\/textarea><\/div><\/div><div class=\"wpforms-submit-container\"><input type=\"hidden\" name=\"wpforms[id]\" value=\"9732\"><input type=\"hidden\" name=\"wpforms[author]\" value=\"1\"><button type=\"submit\" name=\"wpforms[submit]\" id=\"wpforms-submit-9732\" class=\"wpforms-submit\" data-alt-text=\"Envoi...\" data-submit-text=\"Envoyer\" aria-live=\"assertive\" value=\"wpforms-submit\">Envoyer<\/button><img decoding=\"async\" loading=\"lazy\" src=\"https:\/\/dev.lyxeo.com\/symphotech\/wp-content\/plugins\/wpforms-lite\/assets\/images\/submit-spin.svg\" class=\"wpforms-submit-spinner\" style=\"display: none;\" width=\"26\" height=\"26\" alt=\"Chargement en cours\"><\/div><\/form><\/div>  <!-- .wpforms-container --><\/div>\n\t\t\t\t<\/div>\n\t\t\t\t<\/div>\n\t\t\t\t\t<\/div>\n\t\t<\/div>\n\t\t\t\t\t\t\t<\/div>\n\t\t<\/section>\n\t\t\t\t\t<\/div>\n\t\t<\/div>\n\t\t\t\t\t\t\t<\/div>\n\t\t<\/section>\n\t\t\t\t<section class=\"elementor-section elementor-top-section elementor-element elementor-element-11528a75 elementor-section-stretched elementor-section-boxed elementor-section-height-default elementor-section-height-default\" data-id=\"11528a75\" data-element_type=\"section\" data-settings=\"{&quot;background_background&quot;:&quot;gradient&quot;,&quot;stretch_section&quot;:&quot;section-stretched&quot;,&quot;_ha_eqh_enable&quot;:false}\">\n\t\t\t\t\t\t\t<div class=\"elementor-background-overlay\"><\/div>\n\t\t\t\t\t\t\t<div class=\"elementor-container elementor-column-gap-no\">\n\t\t\t\t\t<div class=\"elementor-column elementor-col-100 elementor-top-column elementor-element elementor-element-ad4733d\" data-id=\"ad4733d\" data-element_type=\"column\">\n\t\t\t<div class=\"elementor-widget-wrap\">\n\t\t\t\t\t\t\t\t\t<\/div>\n\t\t<\/div>\n\t\t\t\t\t\t\t<\/div>\n\t\t<\/section>\n\t\t\t\t\t\t\t<\/div>\n\t\t","protected":false},"excerpt":{"rendered":"<p>Demande de DEVIS Pour votre devis gratuit en 48h, merci de remplir le formulaire d&#8217;information ci-dessous.<\/p>\n","protected":false},"author":1,"featured_media":0,"parent":0,"menu_order":0,"comment_status":"closed","ping_status":"closed","template":"","meta":{"_mi_skip_tracking":false},"yoast_head":"<!-- This site is optimized with the Yoast SEO plugin v19.14 - https:\/\/yoast.com\/wordpress\/plugins\/seo\/ -->\n<title>Demande_devis - Symphotech Solutions<\/title>\n<meta name=\"description\" content=\"R\u00e9alisation de votre site web pour vous fournir un outil optimis\u00e9 et performant pour vous faire connaitre.\" \/>\n<meta name=\"robots\" content=\"index, follow, max-snippet:-1, max-image-preview:large, max-video-preview:-1\" \/>\n<link rel=\"canonical\" href=\"https:\/\/dev.lyxeo.com\/symphotech\/demande-devis\/\" \/>\n<meta property=\"og:locale\" content=\"fr_FR\" \/>\n<meta property=\"og:type\" content=\"article\" \/>\n<meta property=\"og:title\" content=\"Demande_devis - Symphotech Solutions\" \/>\n<meta property=\"og:description\" content=\"R\u00e9alisation de votre site web pour vous fournir un outil optimis\u00e9 et performant pour vous faire connaitre.\" \/>\n<meta property=\"og:url\" content=\"https:\/\/dev.lyxeo.com\/symphotech\/demande-devis\/\" \/>\n<meta property=\"og:site_name\" content=\"Symphotech Solutions\" \/>\n<meta property=\"article:modified_time\" content=\"2023-01-09T01:15:25+00:00\" \/>\n<meta name=\"twitter:card\" content=\"summary_large_image\" \/>\n<meta name=\"twitter:label1\" content=\"Dur\u00e9e de lecture estim\u00e9e\" \/>\n\t<meta name=\"twitter:data1\" content=\"1 minute\" \/>\n<script type=\"application\/ld+json\" class=\"yoast-schema-graph\">{\"@context\":\"https:\/\/schema.org\",\"@graph\":[{\"@type\":\"WebPage\",\"@id\":\"https:\/\/dev.lyxeo.com\/symphotech\/demande-devis\/\",\"url\":\"https:\/\/dev.lyxeo.com\/symphotech\/demande-devis\/\",\"name\":\"Demande_devis - Symphotech Solutions\",\"isPartOf\":{\"@id\":\"https:\/\/dev.lyxeo.com\/symphotech\/#website\"},\"datePublished\":\"2023-01-08T19:23:34+00:00\",\"dateModified\":\"2023-01-09T01:15:25+00:00\",\"description\":\"R\u00e9alisation de votre site web pour vous fournir un outil optimis\u00e9 et performant pour vous faire connaitre.\",\"breadcrumb\":{\"@id\":\"https:\/\/dev.lyxeo.com\/symphotech\/demande-devis\/#breadcrumb\"},\"inLanguage\":\"fr-FR\",\"potentialAction\":[{\"@type\":\"ReadAction\",\"target\":[\"https:\/\/dev.lyxeo.com\/symphotech\/demande-devis\/\"]}]},{\"@type\":\"BreadcrumbList\",\"@id\":\"https:\/\/dev.lyxeo.com\/symphotech\/demande-devis\/#breadcrumb\",\"itemListElement\":[{\"@type\":\"ListItem\",\"position\":1,\"name\":\"Accueil\",\"item\":\"https:\/\/dev.lyxeo.com\/symphotech\/\"},{\"@type\":\"ListItem\",\"position\":2,\"name\":\"Demande_devis\"}]},{\"@type\":\"WebSite\",\"@id\":\"https:\/\/dev.lyxeo.com\/symphotech\/#website\",\"url\":\"https:\/\/dev.lyxeo.com\/symphotech\/\",\"name\":\"Symphotech Solutions\",\"description\":\"Des Solutions pour les Professionnels\",\"publisher\":{\"@id\":\"https:\/\/dev.lyxeo.com\/symphotech\/#organization\"},\"potentialAction\":[{\"@type\":\"SearchAction\",\"target\":{\"@type\":\"EntryPoint\",\"urlTemplate\":\"https:\/\/dev.lyxeo.com\/symphotech\/?s={search_term_string}\"},\"query-input\":\"required name=search_term_string\"}],\"inLanguage\":\"fr-FR\"},{\"@type\":\"Organization\",\"@id\":\"https:\/\/dev.lyxeo.com\/symphotech\/#organization\",\"name\":\"Symphotech Solutions Sarl\",\"url\":\"https:\/\/dev.lyxeo.com\/symphotech\/\",\"logo\":{\"@type\":\"ImageObject\",\"inLanguage\":\"fr-FR\",\"@id\":\"https:\/\/dev.lyxeo.com\/symphotech\/#\/schema\/logo\/image\/\",\"url\":\"https:\/\/dev.lyxeo.com\/symphotech\/wp-content\/uploads\/2021\/11\/Symphotech_logo.png\",\"contentUrl\":\"https:\/\/dev.lyxeo.com\/symphotech\/wp-content\/uploads\/2021\/11\/Symphotech_logo.png\",\"width\":3200,\"height\":1000,\"caption\":\"Symphotech Solutions Sarl\"},\"image\":{\"@id\":\"https:\/\/dev.lyxeo.com\/symphotech\/#\/schema\/logo\/image\/\"}}]}<\/script>\n<!-- \/ Yoast SEO plugin. -->","yoast_head_json":{"title":"Demande_devis - Symphotech Solutions","description":"R\u00e9alisation de votre site web pour vous fournir un outil optimis\u00e9 et performant pour vous faire connaitre.","robots":{"index":"index","follow":"follow","max-snippet":"max-snippet:-1","max-image-preview":"max-image-preview:large","max-video-preview":"max-video-preview:-1"},"canonical":"https:\/\/dev.lyxeo.com\/symphotech\/demande-devis\/","og_locale":"fr_FR","og_type":"article","og_title":"Demande_devis - Symphotech Solutions","og_description":"R\u00e9alisation de votre site web pour vous fournir un outil optimis\u00e9 et performant pour vous faire connaitre.","og_url":"https:\/\/dev.lyxeo.com\/symphotech\/demande-devis\/","og_site_name":"Symphotech Solutions","article_modified_time":"2023-01-09T01:15:25+00:00","twitter_card":"summary_large_image","twitter_misc":{"Dur\u00e9e de lecture estim\u00e9e":"1 minute"},"schema":{"@context":"https:\/\/schema.org","@graph":[{"@type":"WebPage","@id":"https:\/\/dev.lyxeo.com\/symphotech\/demande-devis\/","url":"https:\/\/dev.lyxeo.com\/symphotech\/demande-devis\/","name":"Demande_devis - Symphotech Solutions","isPartOf":{"@id":"https:\/\/dev.lyxeo.com\/symphotech\/#website"},"datePublished":"2023-01-08T19:23:34+00:00","dateModified":"2023-01-09T01:15:25+00:00","description":"R\u00e9alisation de votre site web pour vous fournir un outil optimis\u00e9 et performant pour vous faire connaitre.","breadcrumb":{"@id":"https:\/\/dev.lyxeo.com\/symphotech\/demande-devis\/#breadcrumb"},"inLanguage":"fr-FR","potentialAction":[{"@type":"ReadAction","target":["https:\/\/dev.lyxeo.com\/symphotech\/demande-devis\/"]}]},{"@type":"BreadcrumbList","@id":"https:\/\/dev.lyxeo.com\/symphotech\/demande-devis\/#breadcrumb","itemListElement":[{"@type":"ListItem","position":1,"name":"Accueil","item":"https:\/\/dev.lyxeo.com\/symphotech\/"},{"@type":"ListItem","position":2,"name":"Demande_devis"}]},{"@type":"WebSite","@id":"https:\/\/dev.lyxeo.com\/symphotech\/#website","url":"https:\/\/dev.lyxeo.com\/symphotech\/","name":"Symphotech Solutions","description":"Des Solutions pour les Professionnels","publisher":{"@id":"https:\/\/dev.lyxeo.com\/symphotech\/#organization"},"potentialAction":[{"@type":"SearchAction","target":{"@type":"EntryPoint","urlTemplate":"https:\/\/dev.lyxeo.com\/symphotech\/?s={search_term_string}"},"query-input":"required name=search_term_string"}],"inLanguage":"fr-FR"},{"@type":"Organization","@id":"https:\/\/dev.lyxeo.com\/symphotech\/#organization","name":"Symphotech Solutions Sarl","url":"https:\/\/dev.lyxeo.com\/symphotech\/","logo":{"@type":"ImageObject","inLanguage":"fr-FR","@id":"https:\/\/dev.lyxeo.com\/symphotech\/#\/schema\/logo\/image\/","url":"https:\/\/dev.lyxeo.com\/symphotech\/wp-content\/uploads\/2021\/11\/Symphotech_logo.png","contentUrl":"https:\/\/dev.lyxeo.com\/symphotech\/wp-content\/uploads\/2021\/11\/Symphotech_logo.png","width":3200,"height":1000,"caption":"Symphotech Solutions Sarl"},"image":{"@id":"https:\/\/dev.lyxeo.com\/symphotech\/#\/schema\/logo\/image\/"}}]}},"_links":{"self":[{"href":"https:\/\/dev.lyxeo.com\/symphotech\/wp-json\/wp\/v2\/pages\/9706"}],"collection":[{"href":"https:\/\/dev.lyxeo.com\/symphotech\/wp-json\/wp\/v2\/pages"}],"about":[{"href":"https:\/\/dev.lyxeo.com\/symphotech\/wp-json\/wp\/v2\/types\/page"}],"author":[{"embeddable":true,"href":"https:\/\/dev.lyxeo.com\/symphotech\/wp-json\/wp\/v2\/users\/1"}],"replies":[{"embeddable":true,"href":"https:\/\/dev.lyxeo.com\/symphotech\/wp-json\/wp\/v2\/comments?post=9706"}],"version-history":[{"count":0,"href":"https:\/\/dev.lyxeo.com\/symphotech\/wp-json\/wp\/v2\/pages\/9706\/revisions"}],"wp:attachment":[{"href":"https:\/\/dev.lyxeo.com\/symphotech\/wp-json\/wp\/v2\/media?parent=9706"}],"curies":[{"name":"wp","href":"https:\/\/api.w.org\/{rel}","templated":true}]}}